{"id":52,"date":"2016-06-04T20:38:30","date_gmt":"2016-06-04T18:38:30","guid":{"rendered":"http:\/\/web.dini.es\/?page_id=52"},"modified":"2024-08-01T13:44:25","modified_gmt":"2024-08-01T11:44:25","slug":"prueba-nivel","status":"publish","type":"page","link":"https:\/\/dini.es\/?page_id=52","title":{"rendered":"Prueba de nivel"},"content":{"rendered":"<p>[vc_row][vc_column width=\u00bb1\/2&#8243;][vc_custom_heading source=\u00bbpost_title\u00bb font_container=\u00bbtag:h1|text_align:left|color:%23ffbd00&#8243; google_fonts=\u00bbfont_family:Roboto%3A100%2C100italic%2C300%2C300italic%2Cregular%2Citalic%2C500%2C500italic%2C700%2C700italic%2C900%2C900italic|font_style:400%20regular%3A400%3Anormal\u00bb][vc_column_text]<\/p>\n<h2>\u00bfNo est\u00e1s seguro de tu nivel de ingl\u00e9s?<\/h2>\n<p><strong>Ven a nuestro centro<\/strong>\u00a0para realizar una prueba de nivel escrita y oral\u00a0<strong>para que te podamos aconsejar el curso que mejor responda a tus necesidades<\/strong>\u00a0y garantice un progreso consistente de tu conocimiento del idioma.<\/p>\n<p>Cuando est\u00e9 evaluada concertaremos una entrevista personal completar la prueba y valorar conjuntamente el nivel y los objetivos a conseguir.<\/p>\n<p><strong>Tambi\u00e9n puedes hacer una prueba de nivel en casa en Secretar\u00eda o a trav\u00e9s de nuestro <a href=\"http:\/\/dini.es\/contacto\/\">formulario<\/a>.\u00a0<\/strong>[\/vc_column_text][vc_single_image image=\u00bb92&#8243; img_size=\u00bblarge\u00bb][\/vc_column][vc_column width=\u00bb1\/2&#8243;][vc_single_image image=\u00bb91&#8243; img_size=\u00bblarge\u00bb][vc_column_text]<\/p>\n<h2>Realiza la prueba de nivel en casa<\/h2>\n<p><strong>\u00bfTienes menos\u00a0de 14 a\u00f1os?\u00a0<\/strong><\/p>\n<p>Puedes <a href=\"http:\/\/dini.es\/contacto\/\">solicitarnos<\/a>\u00a0una prueba de nivel y hacerla en casa. Cuando se traiga al centro, la corregiremos y quedaremos con el alumno y sus padres para sugerir el nivel adecuado.<\/p>\n<ol>\n<li>Ni\u00f1os de 7-9 a\u00f1os<\/li>\n<li>Ni\u00f1os de 9-11 a\u00f1os<\/li>\n<li>Ni\u00f1os de 11-14 a\u00f1os<\/li>\n<\/ol>\n<p><strong>\u00bfTienes m\u00e1s de 14 a\u00f1os?\u00a0<\/strong><br \/>\nPuedes realizar una prueba de nivel online y venir al centro para que te asesoremos.[\/vc_column_text][\/vc_column][\/vc_row]<\/p>\n","protected":false},"excerpt":{"rendered":"<p>[vc_row][vc_column width=\u00bb1\/2&#8243;][vc_custom_heading source=\u00bbpost_title\u00bb font_container=\u00bbtag:h1|text_align:left|color:%23ffbd00&#8243; google_fonts=\u00bbfont_family:Roboto%3A100%2C100italic%2C300%2C300italic%2Cregular%2Citalic%2C500%2C500italic%2C700%2C700italic%2C900%2C900italic|font_style:400%20regular%3A400%3Anormal\u00bb][vc_column_text] \u00bfNo est\u00e1s seguro de tu nivel de ingl\u00e9s? Ven a nuestro centro\u00a0para realizar una prueba de nivel escrita y oral\u00a0para que te podamos aconsejar el curso que mejor responda a tus necesidades\u00a0y garantice un progreso consistente de tu conocimiento del idioma. Cuando est\u00e9 evaluada concertaremos una entrevista personal completar la [&hellip;]<\/p>\n","protected":false},"author":6,"featured_media":0,"parent":0,"menu_order":0,"comment_status":"closed","ping_status":"closed","template":"","meta":{"footnotes":""},"class_list":["post-52","page","type-page","status-publish","hentry"],"_links":{"self":[{"href":"https:\/\/dini.es\/index.php?rest_route=\/wp\/v2\/pages\/52"}],"collection":[{"href":"https:\/\/dini.es\/index.php?rest_route=\/wp\/v2\/pages"}],"about":[{"href":"https:\/\/dini.es\/index.php?rest_route=\/wp\/v2\/types\/page"}],"author":[{"embeddable":true,"href":"https:\/\/dini.es\/index.php?rest_route=\/wp\/v2\/users\/6"}],"replies":[{"embeddable":true,"href":"https:\/\/dini.es\/index.php?rest_route=%2Fwp%2Fv2%2Fcomments&post=52"}],"version-history":[{"count":14,"href":"https:\/\/dini.es\/index.php?rest_route=\/wp\/v2\/pages\/52\/revisions"}],"predecessor-version":[{"id":5865,"href":"https:\/\/dini.es\/index.php?rest_route=\/wp\/v2\/pages\/52\/revisions\/5865"}],"wp:attachment":[{"href":"https:\/\/dini.es\/index.php?rest_route=%2Fwp%2Fv2%2Fmedia&parent=52"}],"curies":[{"name":"wp","href":"https:\/\/api.w.org\/{rel}","templated":true}]}}