{"id":79,"date":"2016-06-05T20:15:41","date_gmt":"2016-06-05T18:15:41","guid":{"rendered":"http:\/\/web.dini.es\/?page_id=79"},"modified":"2024-08-01T13:45:34","modified_gmt":"2024-08-01T11:45:34","slug":"politica-de-cookies","status":"publish","type":"page","link":"https:\/\/dini.es\/?page_id=79","title":{"rendered":"Pol\u00edtica de cookies"},"content":{"rendered":"<header>\n<div class=\"titulo\">\n<h2><span style=\"color: #4895cb;\">Tipos de &#8216;cookies&#8217; utilizadas<\/span><\/h2>\n<\/div>\n<\/header>\n<div>\n<div class=\"row\">\n<div class=\" col-sm-12\">\n<p>Esta web utiliza tanto &#8216;cookies&#8217; temporales de sesi\u00f3n como &#8216;cookies&#8217; permanentes. Las &#8216;cookies&#8217; de sesi\u00f3n almacenan datos \u00fanicamente mientras el usuario accede a la web y las &#8216;cookies&#8217; permanentes almacenan los datos en el terminal para que sean accedidos y utilizados en m\u00e1s de una sesi\u00f3n.<\/p>\n<p>Seg\u00fan la finalidad para la que se traten los datos obtenidos a trav\u00e9s de las &#8216;cookies&#8217;, el web puede utilizar:<\/p>\n<h2><span style=\"color: #1c81cd;\">&#8216;Cookies&#8217; t\u00e9cnicas<\/span><\/h2>\n<p>Son aqu\u00e9llas que permiten al usuario la navegaci\u00f3n a trav\u00e9s de la p\u00e1gina web o aplicaci\u00f3n y la utilizaci\u00f3n de las diferentes opciones o servicios que en ella existen. Por ejemplo, controlar el tr\u00e1fico y la comunicaci\u00f3n de datos, identificar la sesi\u00f3n, acceder a las partes web de acceso restringido, recordar los elementos que integran un pedido, realizar la solicitud de inscripci\u00f3n o participaci\u00f3n en un evento, utilizar elementos de seguridad durante la navegaci\u00f3n y almacenar contenidos para la difusi\u00f3n de videos o sonido.<\/p>\n<h2><span style=\"color: #1c81cd;\">&#8216;Cookies&#8217; de personalizaci\u00f3n<\/span><\/h2>\n<p>Son aqu\u00e9llas que permiten al usuario acceder al servicio con algunas caracter\u00edsticas de car\u00e1cter general predefinidas en su terminal o que el propio usuario defina. Por ejemplo, el idioma, el tipo de navegador a trav\u00e9s del cual accede al servicio, el dise\u00f1o de contenidos seleccionado, geolocalizaci\u00f3n del terminal y la configuraci\u00f3n regional desde donde se accede al servicio.<\/p>\n<h2><span style=\"color: #1c81cd;\">&#8216;Cookies&#8217; publicitarias<\/span><\/h2>\n<p>Son aqu\u00e9llas que permiten la gesti\u00f3n eficaz de los espacios publicitarios que se han incluido en la p\u00e1gina web o aplicaci\u00f3n desde la que se presta el servicio. Permiten adecuar el contenido de la publicidad para que esta sea relevante para el usuario y para evitar mostrar anuncios que el usuario ya haya visto.<\/p>\n<h2><span style=\"color: #1c81cd;\">&#8216;Cookies&#8217; de an\u00e1lisis estad\u00edstico<\/span><\/h2>\n<p>Son aqu\u00e9llas que permiten realizar el seguimiento y an\u00e1lisis del comportamiento de los usuarios en los sitios web. La informaci\u00f3n recogida mediante este tipo de &#8216;cookies&#8217; se utiliza en la medici\u00f3n de la actividad de los sitios web, aplicaci\u00f3n o plataforma y para la elaboraci\u00f3n de perfiles de navegaci\u00f3n de los usuarios de dichos sitios, con el fin de introducir mejoras en el servicio en funci\u00f3n de los datos de uso que hacen los usuarios.<\/p>\n<h2><span style=\"color: #1c81cd;\">&#8216;Cookies&#8217; de terceros<\/span><\/h2>\n<p>En algunas p\u00e1ginas web se pueden instalar &#8216;cookies&#8217; de terceros que permiten gestionar y mejorar los servicios ofrecidos. Como por ejemplo, servicios estad\u00edsticos de Google Analytics y Comscore.<\/p>\n<h2><span style=\"color: #1c81cd;\">\u00bfC\u00f3mo administrar &#8216;cookies&#8217; en el navegador?<\/span><\/h2>\n<p>El usuario tiene la opci\u00f3n de permitir, bloquear o eliminar las &#8216;cookies&#8217; instaladas en su equipo mediante la configuraci\u00f3n de las opciones del navegador instalado en su terminal:<\/p>\n<p>Para ajustar los permisos relacionados con las &#8216;cookies&#8217; en el navegador <strong>Google Chrome<\/strong>:<\/p>\n<ul>\n<li>Hacer\u00a0clic en el men\u00fa situado en la barra de herramientas.<\/li>\n<li>Hacer clic en el men\u00fa situado en la barra de herramientas.<\/li>\n<li>Seleccionar <strong>Configuraci\u00f3n<\/strong>.<\/li>\n<li>Hacer clic en <strong>Mostar opciones avanzadas<\/strong>.<\/li>\n<li>En la secci\u00f3n &#8216;Privacidad&#8217; hacer clic en el bot\u00f3n <strong>Configuraci\u00f3n de contenido<\/strong>.<\/li>\n<li>En la secci\u00f3n de &#8216;Cookies&#8217; se pueden configurar las opciones.<\/li>\n<\/ul>\n<p><a href=\"https:\/\/support.google.com\/chrome\/answer\/95647?hl=es\" target=\"_blank\" rel=\"nofollow noopener\">M\u00e1s informaci\u00f3n sobre Google Chrome<\/a><\/p>\n<p>Para ajustar los permisos relacionados con las &#8216;cookies&#8217; en el navegador <strong>Mozilla Firefox<\/strong>:<\/p>\n<ul>\n<li>En la parte superior de la ventana de Firefox hacer clic en el men\u00fa <strong>Herramientas<\/strong>.<\/li>\n<li>Seleccionar <strong>Opciones.<\/strong><\/li>\n<li>Seleccionar el panel <strong>Privacidad<\/strong>.<\/li>\n<li>En la opci\u00f3n Firefox podr\u00e1 elegir <strong>Usar una configuraci\u00f3n personalizada para el historial <\/strong>para configurar las opciones.<\/li>\n<\/ul>\n<p><a href=\"https:\/\/support.mozilla.org\/es\/kb\/cookies-informacion-que-los-sitios-web-guardan-en-\" target=\"_blank\" rel=\"nofollow noopener\">M\u00e1s informaci\u00f3n sobre Mozilla Firefox<\/a><\/p>\n<p>Para ajustar los permisos relacionados con las &#8216;cookies&#8217; en el navegador <strong>Internet Explorer 9<\/strong>:<\/p>\n<ul>\n<li>En la parte superior de la ventana de Internet Explorer hacer clic en el men\u00fa<strong>Herramientas.<\/strong><\/li>\n<li>Seleccionar la pesta\u00f1a de <strong>Seguridad<\/strong> y utilizar la opci\u00f3n <strong>Eliminar el historial de exploraci\u00f3n<\/strong> para eliminar las &#8216;cookies&#8217;. Activar la casilla <strong>&#8216;Cookies&#8217; <\/strong>y, a continuaci\u00f3n, hacer clic en<strong>Eliminar<\/strong>.<\/li>\n<li>Seleccionar la pesta\u00f1a de <strong>Seguridad<\/strong> y acceder a <strong>Configuraci\u00f3n<\/strong>. Mover el control deslizante totalmente hacia arriba para bloquear todas las &#8216;cookies&#8217; o totalmente hacia abajo para permitir todas las &#8216;cookies&#8217;. Tras ello, hacer clic en <strong>Aceptar<\/strong>.<\/li>\n<\/ul>\n<p><a href=\"http:\/\/windows.microsoft.com\/es-es\/windows7\/how-to-manage-cookies-in-internet-explorer-9\" target=\"_blank\" rel=\"nofollow noopener\">M\u00e1s informaci\u00f3n sobre Internet Explorer<\/a><\/p>\n<p>En caso de bloquear el uso de &#8216;cookies&#8217; en su navegador es posible que algunos servicios o funcionalidades de la p\u00e1gina web no est\u00e9n disponibles.<\/p>\n<p>En algunos navegadores se pueden configurar reglas espec\u00edficas para administrar &#8216;cookies&#8217; por sitio web, lo que ofrece un control m\u00e1s preciso sobre la privacidad. Esto significa que se puede inhabilitar &#8216;cookies&#8217; de todos los sitios salvo de aquellos en los que se conf\u00ede.<\/p>\n<\/div>\n<\/div>\n<\/div>\n","protected":false},"excerpt":{"rendered":"<p>Tipos de &#8216;cookies&#8217; utilizadas Esta web utiliza tanto &#8216;cookies&#8217; temporales de sesi\u00f3n como &#8216;cookies&#8217; permanentes. Las &#8216;cookies&#8217; de sesi\u00f3n almacenan datos \u00fanicamente mientras el usuario accede a la web y las &#8216;cookies&#8217; permanentes almacenan los datos en el terminal para que sean accedidos y utilizados en m\u00e1s de una sesi\u00f3n. Seg\u00fan la finalidad para la [&hellip;]<\/p>\n","protected":false},"author":6,"featured_media":0,"parent":0,"menu_order":0,"comment_status":"closed","ping_status":"closed","template":"","meta":{"footnotes":""},"class_list":["post-79","page","type-page","status-publish","hentry"],"_links":{"self":[{"href":"https:\/\/dini.es\/index.php?rest_route=\/wp\/v2\/pages\/79"}],"collection":[{"href":"https:\/\/dini.es\/index.php?rest_route=\/wp\/v2\/pages"}],"about":[{"href":"https:\/\/dini.es\/index.php?rest_route=\/wp\/v2\/types\/page"}],"author":[{"embeddable":true,"href":"https:\/\/dini.es\/index.php?rest_route=\/wp\/v2\/users\/6"}],"replies":[{"embeddable":true,"href":"https:\/\/dini.es\/index.php?rest_route=%2Fwp%2Fv2%2Fcomments&post=79"}],"version-history":[{"count":4,"href":"https:\/\/dini.es\/index.php?rest_route=\/wp\/v2\/pages\/79\/revisions"}],"predecessor-version":[{"id":4487,"href":"https:\/\/dini.es\/index.php?rest_route=\/wp\/v2\/pages\/79\/revisions\/4487"}],"wp:attachment":[{"href":"https:\/\/dini.es\/index.php?rest_route=%2Fwp%2Fv2%2Fmedia&parent=79"}],"curies":[{"name":"wp","href":"https:\/\/api.w.org\/{rel}","templated":true}]}}